{"id":95,"date":"2014-08-22T00:07:41","date_gmt":"2014-08-21T23:07:41","guid":{"rendered":"http:\/\/jirioberfalzer.cz\/?page_id=95"},"modified":"2020-02-19T14:54:20","modified_gmt":"2020-02-19T13:54:20","slug":"oficialni-portrety","status":"publish","type":"page","link":"https:\/\/jirioberfalzer.cz\/?page_id=95","title":{"rendered":"Ofici\u00e1ln\u00ed portr\u00e9ty"},"content":{"rendered":"<div id=\"attachment_2498\" style=\"width: 210px\" class=\"wp-caption alignleft\"><a href=\"https:\/\/jirioberfalzer.cz\/wp-content\/uploads\/2020\/02\/Q0A8295-800x1200_compressed.jpg\"><img loading=\"lazy\" decoding=\"async\" aria-describedby=\"caption-attachment-2498\" class=\"wp-image-2498 size-medium\" src=\"https:\/\/jirioberfalzer.cz\/wp-content\/uploads\/2020\/02\/Q0A8295-800x1200_compressed-200x300.jpg\" alt=\"\" width=\"200\" height=\"300\" \/><\/a><p id=\"caption-attachment-2498\" class=\"wp-caption-text\">Ji\u0159\u00ed Oberfalzer<\/p><\/div>\n<div id=\"attachment_2497\" style=\"width: 210px\" class=\"wp-caption alignleft\"><a href=\"https:\/\/jirioberfalzer.cz\/wp-content\/uploads\/2020\/02\/Q0A8348-800x1200_compressed.jpg\"><img loading=\"lazy\" decoding=\"async\" aria-describedby=\"caption-attachment-2497\" class=\"wp-image-2497 size-medium\" src=\"https:\/\/jirioberfalzer.cz\/wp-content\/uploads\/2020\/02\/Q0A8348-800x1200_compressed-200x300.jpg\" alt=\"\" width=\"200\" height=\"300\" srcset=\"https:\/\/jirioberfalzer.cz\/wp-content\/uploads\/2020\/02\/Q0A8348-800x1200_compressed-200x300.jpg 200w, https:\/\/jirioberfalzer.cz\/wp-content\/uploads\/2020\/02\/Q0A8348-800x1200_compressed-768x1152.jpg 768w, https:\/\/jirioberfalzer.cz\/wp-content\/uploads\/2020\/02\/Q0A8348-800x1200_compressed-683x1024.jpg 683w, https:\/\/jirioberfalzer.cz\/wp-content\/uploads\/2020\/02\/Q0A8348-800x1200_compressed.jpg 800w\" sizes=\"auto, (max-width: 200px) 100vw, 200px\" \/><\/a><p id=\"caption-attachment-2497\" class=\"wp-caption-text\">Ji\u0159\u00ed Oberfalzer<\/p><\/div>\n<div id=\"attachment_188\" style=\"width: 210px\" class=\"wp-caption alignleft\"><a href=\"https:\/\/jirioberfalzer.cz\/wp-content\/uploads\/2018\/08\/IMG_8319-upr..jpg\"><img loading=\"lazy\" decoding=\"async\" aria-describedby=\"caption-attachment-188\" class=\"wp-image-188 size-medium\" src=\"https:\/\/jirioberfalzer.cz\/wp-content\/uploads\/2018\/08\/IMG_8319-upr.-200x300.jpg\" alt=\"\" width=\"200\" height=\"300\" srcset=\"https:\/\/jirioberfalzer.cz\/wp-content\/uploads\/2018\/08\/IMG_8319-upr.-200x300.jpg 200w, https:\/\/jirioberfalzer.cz\/wp-content\/uploads\/2018\/08\/IMG_8319-upr..jpg 667w\" sizes=\"auto, (max-width: 200px) 100vw, 200px\" \/><\/a><p id=\"caption-attachment-188\" class=\"wp-caption-text\">Ji\u0159\u00ed Oberfalzer<\/p><\/div>\n<p>&nbsp;<\/p>\n<div id=\"attachment_97\" style=\"width: 310px\" class=\"wp-caption alignleft\"><a href=\"https:\/\/jirioberfalzer.cz\/wp-content\/uploads\/2014\/08\/dsc-1453.jpg\"><img loading=\"lazy\" decoding=\"async\" aria-describedby=\"caption-attachment-97\" class=\"wp-image-97 size-medium\" src=\"https:\/\/jirioberfalzer.cz\/wp-content\/uploads\/2014\/08\/dsc-1453-300x199.jpg\" alt=\"\" width=\"300\" height=\"199\" srcset=\"https:\/\/jirioberfalzer.cz\/wp-content\/uploads\/2014\/08\/dsc-1453-300x199.jpg 300w, https:\/\/jirioberfalzer.cz\/wp-content\/uploads\/2014\/08\/dsc-1453-1024x681.jpg 1024w\" sizes=\"auto, (max-width: 300px) 100vw, 300px\" \/><\/a><p id=\"caption-attachment-97\" class=\"wp-caption-text\">Ji\u0159\u00ed Oberfalzer &#8211; u Tet\u00edna 2<\/p><\/div>\n<div id=\"attachment_106\" style=\"width: 310px\" class=\"wp-caption alignleft\"><a href=\"https:\/\/jirioberfalzer.cz\/wp-content\/uploads\/2014\/08\/dsc-1194.jpg\"><img loading=\"lazy\" decoding=\"async\" aria-describedby=\"caption-attachment-106\" class=\"wp-image-106 size-medium\" src=\"https:\/\/jirioberfalzer.cz\/wp-content\/uploads\/2014\/08\/dsc-1194-300x199.jpg\" alt=\"\" width=\"300\" height=\"199\" srcset=\"https:\/\/jirioberfalzer.cz\/wp-content\/uploads\/2014\/08\/dsc-1194-300x199.jpg 300w, https:\/\/jirioberfalzer.cz\/wp-content\/uploads\/2014\/08\/dsc-1194-1024x681.jpg 1024w\" sizes=\"auto, (max-width: 300px) 100vw, 300px\" \/><\/a><p id=\"caption-attachment-106\" class=\"wp-caption-text\">Ji\u0159\u00ed Oberfalzer exteri\u00e9r<\/p><\/div>\n<div id=\"attachment_99\" style=\"width: 139px\" class=\"wp-caption alignleft\"><a href=\"https:\/\/jirioberfalzer.cz\/wp-content\/uploads\/2014\/08\/jo-portrety-005.jpg\"><img loading=\"lazy\" decoding=\"async\" aria-describedby=\"caption-attachment-99\" class=\"wp-image-99 size-medium\" src=\"https:\/\/jirioberfalzer.cz\/wp-content\/uploads\/2014\/08\/jo-portrety-005-129x300.jpg\" alt=\"\" width=\"129\" height=\"300\" srcset=\"https:\/\/jirioberfalzer.cz\/wp-content\/uploads\/2014\/08\/jo-portrety-005-129x300.jpg 129w, https:\/\/jirioberfalzer.cz\/wp-content\/uploads\/2014\/08\/jo-portrety-005-442x1024.jpg 442w, https:\/\/jirioberfalzer.cz\/wp-content\/uploads\/2014\/08\/jo-portrety-005.jpg 1777w\" sizes=\"auto, (max-width: 129px) 100vw, 129px\" \/><\/a><p id=\"caption-attachment-99\" class=\"wp-caption-text\">Ji\u0159\u00ed Oberfalzer celek<\/p><\/div>\n<div id=\"attachment_100\" style=\"width: 310px\" class=\"wp-caption alignleft\"><a href=\"https:\/\/jirioberfalzer.cz\/wp-content\/uploads\/2014\/08\/jo-portrety-006.jpg\"><img loading=\"lazy\" decoding=\"async\" aria-describedby=\"caption-attachment-100\" class=\"wp-image-100 size-medium\" src=\"https:\/\/jirioberfalzer.cz\/wp-content\/uploads\/2014\/08\/jo-portrety-006-300x199.jpg\" alt=\"\" width=\"300\" height=\"199\" srcset=\"https:\/\/jirioberfalzer.cz\/wp-content\/uploads\/2014\/08\/jo-portrety-006-300x199.jpg 300w, https:\/\/jirioberfalzer.cz\/wp-content\/uploads\/2014\/08\/jo-portrety-006-1024x681.jpg 1024w\" sizes=\"auto, (max-width: 300px) 100vw, 300px\" \/><\/a><p id=\"caption-attachment-100\" class=\"wp-caption-text\">Ji\u0159\u00ed Oberfalzer, u Tet\u00edna 1<\/p><\/div>\n<div id=\"attachment_96\" style=\"width: 310px\" class=\"wp-caption alignleft\"><a href=\"https:\/\/jirioberfalzer.cz\/wp-content\/uploads\/2014\/08\/jo-portrety-001.jpg\"><img loading=\"lazy\" decoding=\"async\" aria-describedby=\"caption-attachment-96\" class=\"wp-image-96 size-medium\" src=\"https:\/\/jirioberfalzer.cz\/wp-content\/uploads\/2014\/08\/jo-portrety-001-300x199.jpg\" alt=\"\" width=\"300\" height=\"199\" srcset=\"https:\/\/jirioberfalzer.cz\/wp-content\/uploads\/2014\/08\/jo-portrety-001-300x199.jpg 300w, https:\/\/jirioberfalzer.cz\/wp-content\/uploads\/2014\/08\/jo-portrety-001-1024x681.jpg 1024w\" sizes=\"auto, (max-width: 300px) 100vw, 300px\" \/><\/a><p id=\"caption-attachment-96\" class=\"wp-caption-text\">Ji\u0159\u00ed Oberfalzer, s Berounem v pozad\u00ed<\/p><\/div>\n<div id=\"attachment_98\" style=\"width: 258px\" class=\"wp-caption alignleft\"><a href=\"https:\/\/jirioberfalzer.cz\/wp-content\/uploads\/2014\/08\/jo-portrety-004.jpg\"><img loading=\"lazy\" decoding=\"async\" aria-describedby=\"caption-attachment-98\" class=\"wp-image-98 size-medium\" src=\"https:\/\/jirioberfalzer.cz\/wp-content\/uploads\/2014\/08\/jo-portrety-004-248x300.jpg\" alt=\"\" width=\"248\" height=\"300\" srcset=\"https:\/\/jirioberfalzer.cz\/wp-content\/uploads\/2014\/08\/jo-portrety-004-248x300.jpg 248w, https:\/\/jirioberfalzer.cz\/wp-content\/uploads\/2014\/08\/jo-portrety-004-848x1024.jpg 848w\" sizes=\"auto, (max-width: 248px) 100vw, 248px\" \/><\/a><p id=\"caption-attachment-98\" class=\"wp-caption-text\">Ji\u0159\u00ed Oberfalzer poloprofil<\/p><\/div>\n<div id=\"attachment_101\" style=\"width: 266px\" class=\"wp-caption alignleft\"><a href=\"https:\/\/jirioberfalzer.cz\/wp-content\/uploads\/2014\/08\/jo-portrety-007.jpg\"><img loading=\"lazy\" decoding=\"async\" aria-describedby=\"caption-attachment-101\" class=\"wp-image-101 size-medium\" src=\"https:\/\/jirioberfalzer.cz\/wp-content\/uploads\/2014\/08\/jo-portrety-007-256x300.jpg\" alt=\"\" width=\"256\" height=\"300\" srcset=\"https:\/\/jirioberfalzer.cz\/wp-content\/uploads\/2014\/08\/jo-portrety-007-256x300.jpg 256w, https:\/\/jirioberfalzer.cz\/wp-content\/uploads\/2014\/08\/jo-portrety-007.jpg 319w\" sizes=\"auto, (max-width: 256px) 100vw, 256px\" \/><\/a><p id=\"caption-attachment-101\" class=\"wp-caption-text\">Ji\u0159\u00ed Oberfalzer neform\u00e1ln\u00ed 2<\/p><\/div>\n<div id=\"attachment_105\" style=\"width: 210px\" class=\"wp-caption alignleft\"><a href=\"https:\/\/jirioberfalzer.cz\/wp-content\/uploads\/2014\/08\/busta-1.jpg\"><img loading=\"lazy\" decoding=\"async\" aria-describedby=\"caption-attachment-105\" class=\"wp-image-105 size-medium\" src=\"https:\/\/jirioberfalzer.cz\/wp-content\/uploads\/2014\/08\/busta-1-200x300.jpg\" alt=\"\" width=\"200\" height=\"300\" srcset=\"https:\/\/jirioberfalzer.cz\/wp-content\/uploads\/2014\/08\/busta-1-200x300.jpg 200w, https:\/\/jirioberfalzer.cz\/wp-content\/uploads\/2014\/08\/busta-1-682x1024.jpg 682w, https:\/\/jirioberfalzer.cz\/wp-content\/uploads\/2014\/08\/busta-1.jpg 728w\" sizes=\"auto, (max-width: 200px) 100vw, 200px\" \/><\/a><p id=\"caption-attachment-105\" class=\"wp-caption-text\">Ji\u0159\u00ed Oberfalzer busta 4<\/p><\/div>\n<div id=\"attachment_102\" style=\"width: 310px\" class=\"wp-caption alignleft\"><a href=\"https:\/\/jirioberfalzer.cz\/wp-content\/uploads\/2014\/08\/oberfalzer-busta.jpg\"><img loading=\"lazy\" decoding=\"async\" aria-describedby=\"caption-attachment-102\" class=\"wp-image-102 size-medium\" src=\"https:\/\/jirioberfalzer.cz\/wp-content\/uploads\/2014\/08\/oberfalzer-busta-300x263.jpg\" alt=\"\" width=\"300\" height=\"263\" srcset=\"https:\/\/jirioberfalzer.cz\/wp-content\/uploads\/2014\/08\/oberfalzer-busta-300x263.jpg 300w, https:\/\/jirioberfalzer.cz\/wp-content\/uploads\/2014\/08\/oberfalzer-busta-1024x900.jpg 1024w\" sizes=\"auto, (max-width: 300px) 100vw, 300px\" \/><\/a><p id=\"caption-attachment-102\" class=\"wp-caption-text\">Ji\u0159\u00ed Oberfalzer busta<\/p><\/div>\n<div id=\"attachment_103\" style=\"width: 231px\" class=\"wp-caption alignleft\"><a href=\"https:\/\/jirioberfalzer.cz\/wp-content\/uploads\/2014\/08\/oberfalzer-neformalni-kosile.jpg\"><img loading=\"lazy\" decoding=\"async\" aria-describedby=\"caption-attachment-103\" class=\"wp-image-103 size-medium\" src=\"https:\/\/jirioberfalzer.cz\/wp-content\/uploads\/2014\/08\/oberfalzer-neformalni-kosile-221x300.jpg\" alt=\"\" width=\"221\" height=\"300\" srcset=\"https:\/\/jirioberfalzer.cz\/wp-content\/uploads\/2014\/08\/oberfalzer-neformalni-kosile-221x300.jpg 221w, https:\/\/jirioberfalzer.cz\/wp-content\/uploads\/2014\/08\/oberfalzer-neformalni-kosile-757x1024.jpg 757w\" sizes=\"auto, (max-width: 221px) 100vw, 221px\" \/><\/a><p id=\"caption-attachment-103\" class=\"wp-caption-text\">Ji\u0159\u00ed Oberfalzer neform\u00e1ln\u00ed 1<\/p><\/div>\n<div id=\"attachment_104\" style=\"width: 210px\" class=\"wp-caption alignleft\"><a href=\"https:\/\/jirioberfalzer.cz\/wp-content\/uploads\/2014\/08\/oberfalzer-neformalni-svetr.jpg\"><img loading=\"lazy\" decoding=\"async\" aria-describedby=\"caption-attachment-104\" class=\"wp-image-104 size-medium\" src=\"https:\/\/jirioberfalzer.cz\/wp-content\/uploads\/2014\/08\/oberfalzer-neformalni-svetr-200x300.jpg\" alt=\"\" width=\"200\" height=\"300\" srcset=\"https:\/\/jirioberfalzer.cz\/wp-content\/uploads\/2014\/08\/oberfalzer-neformalni-svetr-200x300.jpg 200w, https:\/\/jirioberfalzer.cz\/wp-content\/uploads\/2014\/08\/oberfalzer-neformalni-svetr-682x1024.jpg 682w\" sizes=\"auto, (max-width: 200px) 100vw, 200px\" \/><\/a><p id=\"caption-attachment-104\" class=\"wp-caption-text\">Ji\u0159\u00ed Oberfalzer neform\u00e1ln\u00ed 3<\/p><\/div>\n","protected":false},"excerpt":{"rendered":"<p>&nbsp;<\/p>\n","protected":false},"author":1,"featured_media":0,"parent":0,"menu_order":0,"comment_status":"open","ping_status":"open","template":"","meta":{"footnotes":""},"class_list":["post-95","page","type-page","status-publish","hentry"],"_links":{"self":[{"href":"https:\/\/jirioberfalzer.cz\/index.php?rest_route=\/wp\/v2\/pages\/95","targetHints":{"allow":["GET"]}}],"collection":[{"href":"https:\/\/jirioberfalzer.cz\/index.php?rest_route=\/wp\/v2\/pages"}],"about":[{"href":"https:\/\/jirioberfalzer.cz\/index.php?rest_route=\/wp\/v2\/types\/page"}],"author":[{"embeddable":true,"href":"https:\/\/jirioberfalzer.cz\/index.php?rest_route=\/wp\/v2\/users\/1"}],"replies":[{"embeddable":true,"href":"https:\/\/jirioberfalzer.cz\/index.php?rest_route=%2Fwp%2Fv2%2Fcomments&post=95"}],"version-history":[{"count":15,"href":"https:\/\/jirioberfalzer.cz\/index.php?rest_route=\/wp\/v2\/pages\/95\/revisions"}],"predecessor-version":[{"id":2499,"href":"https:\/\/jirioberfalzer.cz\/index.php?rest_route=\/wp\/v2\/pages\/95\/revisions\/2499"}],"wp:attachment":[{"href":"https:\/\/jirioberfalzer.cz\/index.php?rest_route=%2Fwp%2Fv2%2Fmedia&parent=95"}],"curies":[{"name":"wp","href":"https:\/\/api.w.org\/{rel}","templated":true}]}}